{"id":6680,"date":"2025-06-21T00:41:27","date_gmt":"2025-06-20T22:41:27","guid":{"rendered":"http:\/\/irrifrance-distribution.com\/?post_type=product&#038;p=6680"},"modified":"2025-06-21T00:41:29","modified_gmt":"2025-06-20T22:41:29","slug":"pure-spa-gonflable-intex-blue-navy-rond-6-places-kit-dentretien","status":"publish","type":"product","link":"https:\/\/irrifrance-distribution.com\/index.php\/produit\/pure-spa-gonflable-intex-blue-navy-rond-6-places-kit-dentretien\/","title":{"rendered":"Pure Spa gonflable INTEX Blue Navy rond 6 places + Kit d&rsquo;entretien"},"content":{"rendered":"<div class=\"o-product-detail-informations__images\"><a class=\"ka-link o-product-detail-informations__images--link\" title=\"Voir tous les produits de la marque INTEX\" href=\"https:\/\/www.leroymerlin.fr\/marques\/intex\/\"><img decoding=\"async\" class=\"o-product-detail-informations__images--brand lazy-loaded\" src=\"https:\/\/media.adeo.com\/media\/1539501\/format\/png?width=100\" alt=\"marque INTEX\" data-src=\"https:\/\/media.adeo.com\/media\/1539501\/format\/png?width=100\" data-cerberus=\"ELEM_IMG_brand-logo\" \/>\u00a0<\/a><img decoding=\"async\" class=\"o-product-detail-informations__images--other lazy-loaded\" src=\"https:\/\/media.adeo.com\/media\/1786147\/format\/jpeg?width=60\" alt=\"\" data-src=\"https:\/\/media.adeo.com\/media\/1786147\/format\/jpeg?width=60\" \/>\u00a0<img decoding=\"async\" class=\"o-product-detail-informations__images--other lazy-loaded\" src=\"https:\/\/media.leroymerlin.fr\/Capture\/44\/58\/362f6013414088fe16bc590859b6\/MAG_Commun_Garantie_Plein_Couleur_2ans.png?width=60\" alt=\"\" data-src=\"https:\/\/media.leroymerlin.fr\/Capture\/44\/58\/362f6013414088fe16bc590859b6\/MAG_Commun_Garantie_Plein_Couleur_2ans.png?width=60\" \/>\u00a0<img decoding=\"async\" class=\"o-product-detail-informations__images--other lazy-loaded\" src=\"https:\/\/media.adeo.com\/media\/4214198\/media.png?width=60\" alt=\"\" data-src=\"https:\/\/media.adeo.com\/media\/4214198\/media.png?width=60\" \/><\/div>\n<div class=\"o-product-detail-informations__description\">\n<p>Une envie de d\u00e9tente en famille ou entre amis dans une eau \u00e0 40\u00b0C ? Alors, immergez-vous dans le PureSpa Blue Navy rond 6 places et profitez d\u2019agr\u00e9ables instants de d\u00e9tente.<\/p>\n<p>Le spa comporte un syst\u00e8me de mise \u00e0 la terre complet qui est \u00e9galement en contact avec l\u2019eau du spa. La fiche du spa doit donc \u00eatre directement et exclusivement branch\u00e9e \u00e0 une prise \u00e9lectrique mise \u00e0 la terre appartenant \u00e0 une installation \u00e9lectrique fixe. Dot\u00e9 de 140 diffuseurs \u00e0 bulles, ce spa est le rem\u00e8de qu\u2019il vous faut pour \u00e9vacuer les tensions. C\u00f4t\u00e9 installation, rien de plus simple gr\u00e2ce au nouveau panneau de contr\u00f4le tout en 1 qui permet un gonflage\/d\u00e9gonflage rapide ainsi qu\u2019une utilisation simplifi\u00e9e de votre spa (r\u00e9glage de la temp\u00e9rature et des bulles). Le PureSpa Blue Navy vous accueillera confortablement lors de vos moments de relaxation gr\u00e2ce \u00e0 ses 1,96 m de diam\u00e8tre et 0.71 m de hauteur. Le spa gonflable Blue Navy illuminera votre jardin \u00e0 la fois gr\u00e2ce \u00e0 sa lumi\u00e8re d\u2019ambiance mais aussi par son design sobre et \u00e9l\u00e9gant et ses nombreuses caract\u00e9ristiques. Con\u00e7u pour durer dans le temps, ce PureSpa est dot\u00e9 de la technologie r\u00e9volutionnaire Fiber Tech brevet\u00e9e par INTEX : la structure est compos\u00e9e de milliers de fibres polyester de haute qualit\u00e9, assurant sa r\u00e9sistance \u00e0 long terme. De plus, cette technologie est coupl\u00e9e \u00e0 un liner triple \u00e9paisseur tr\u00e8s solide. Une fois gonfl\u00e9 et install\u00e9, vous pouvez vous asseoir sur le bord du spa sans risque. Garanti 2 ans, ce spa haut de gamme avec ses nombreux accessoires inclus et ses multiples fonctionnalit\u00e9s, vous offriront un confort d\u2019utilisation et d\u2019entretien. \u00c0 commencer par son installation simple et rapide permise par son gonfleur\/d\u00e9gonfleur \u00e9lectrique int\u00e9gr\u00e9 (dot\u00e9 d\u2019une valve de surpression, apportant une s\u00e9curit\u00e9 suppl\u00e9mentaire contre le sur-gonflage), mais aussi gr\u00e2ce \u00e0 son bloc de contr\u00f4le qui vous permettra de programmer en diff\u00e9r\u00e9 le temps de chauffage et la temp\u00e9rature de l\u2019eau, ainsi que les jets et les diffuseurs \u00e0 bulles. Enfin pour toujours plus de commodit\u00e9s, le PureSpa Blue Navy est vendu avec un sac de rangement, 2 appui-t\u00eate gonflables, un couvercle r\u00e9sistant isolant et verrouillable, 2 cartouches de filtration et un diffuseur de produit. Le kit d&rsquo;entretien est \u00e9galement offert.<\/p>\n<\/div>\n<table class=\"o-product-features\" role=\"presentation\" data-cerberus=\"TABLE_AttributesProduct\">\n<caption class=\"kl-hidden-accessibility\">\u00a0<\/caption>\n<tbody>\n<tr class=\"m-product-attr-row\">\n<th class=\"m-product-attr-row__name\" scope=\"row\">Poids du produit nu (en kg)<\/th>\n<td class=\"m-product-attr-row__value\">42.5<\/td>\n<\/tr>\n<tr class=\"m-product-attr-row\">\n<th class=\"m-product-attr-row__name\" scope=\"row\">Temp\u00e9rature maximum de chauffe (en \u00b0C)<\/th>\n<td class=\"m-product-attr-row__value\">40<\/td>\n<\/tr>\n<tr class=\"m-product-attr-row\">\n<th class=\"m-product-attr-row__name\" scope=\"row\">Nombre de places assises<\/th>\n<td class=\"m-product-attr-row__value\">6<\/td>\n<\/tr>\n<tr class=\"m-product-attr-row\">\n<th class=\"m-product-attr-row__name\" scope=\"row\">Nombre total de buses d&rsquo;air<\/th>\n<td class=\"m-product-attr-row__value\">170<\/td>\n<\/tr>\n<tr class=\"m-product-attr-row\">\n<th class=\"m-product-attr-row__name\" scope=\"row\">Nombre total de jets hydromassants<\/th>\n<td class=\"m-product-attr-row__value\">0<\/td>\n<\/tr>\n<tr class=\"m-product-attr-row\">\n<th class=\"m-product-attr-row__name\" scope=\"row\">Volume du contenant (en l)<\/th>\n<td class=\"m-product-attr-row__value\">1098<\/td>\n<\/tr>\n<tr class=\"m-product-attr-row\">\n<th class=\"m-product-attr-row__name\" scope=\"row\">Couverture fournie<\/th>\n<td class=\"m-product-attr-row__value\">Oui<\/td>\n<\/tr>\n<tr class=\"m-product-attr-row\">\n<th class=\"m-product-attr-row__name\" scope=\"row\">Panneau de contr\u00f4le digital<\/th>\n<td class=\"m-product-attr-row__value\">Oui<\/td>\n<\/tr>\n<tr class=\"m-product-attr-row\">\n<th class=\"m-product-attr-row__name\" scope=\"row\">Diam\u00e8tre (en cm)<\/th>\n<td class=\"m-product-attr-row__value\">216<\/td>\n<\/tr>\n<tr class=\"m-product-attr-row\">\n<th class=\"m-product-attr-row__name\" scope=\"row\">Mati\u00e8re principale sur la masse totale du produit<\/th>\n<td class=\"m-product-attr-row__value\">PVC<\/td>\n<\/tr>\n<tr class=\"m-product-attr-row\">\n<th class=\"m-product-attr-row__name\" scope=\"row\">Type de filtration<\/th>\n<td class=\"m-product-attr-row__value\">A cartouche<\/td>\n<\/tr>\n<tr class=\"m-product-attr-row\">\n<th class=\"m-product-attr-row__name\" scope=\"row\">Lieu d&rsquo;utilisation<\/th>\n<td class=\"m-product-attr-row__value\">Int\u00e9rieur \/ ext\u00e9rieur<\/td>\n<\/tr>\n<tr class=\"m-product-attr-row\">\n<th class=\"m-product-attr-row__name\" scope=\"row\">Eclairage int\u00e9gr\u00e9<\/th>\n<td class=\"m-product-attr-row__value\">Non<\/td>\n<\/tr>\n<tr class=\"m-product-attr-row\">\n<th class=\"m-product-attr-row__name\" scope=\"row\">Puissance de la pompe (en W)<\/th>\n<td class=\"m-product-attr-row__value\">800<\/td>\n<\/tr>\n<tr class=\"m-product-attr-row\">\n<th class=\"m-product-attr-row__name\" scope=\"row\">Forme<\/th>\n<td class=\"m-product-attr-row__value\">Rond<\/td>\n<\/tr>\n<tr class=\"m-product-attr-row\">\n<th class=\"m-product-attr-row__name\" scope=\"row\">Couleur de la structure<\/th>\n<td class=\"m-product-attr-row__value\">Bleu<\/td>\n<\/tr>\n<tr class=\"m-product-attr-row\">\n<th class=\"m-product-attr-row__name\" scope=\"row\">Aspect de la structure<\/th>\n<td class=\"m-product-attr-row__value\">Imitation cuir<\/td>\n<\/tr>\n<tr class=\"m-product-attr-row\">\n<th class=\"m-product-attr-row__name\" scope=\"row\">Mati\u00e8re de la structure<\/th>\n<td class=\"m-product-attr-row__value\">Vinyle stratifi\u00e9 |\u00a0 Fiber-Tech\u2122<\/td>\n<\/tr>\n<tr class=\"m-product-attr-row\">\n<th class=\"m-product-attr-row__name\" scope=\"row\">Largeur (en cm)<\/th>\n<td class=\"m-product-attr-row__value\">216<\/td>\n<\/tr>\n<tr class=\"m-product-attr-row\">\n<th class=\"m-product-attr-row__name\" scope=\"row\">Longueur (en cm)<\/th>\n<td class=\"m-product-attr-row__value\">0<\/td>\n<\/tr>\n<tr class=\"m-product-attr-row\">\n<th class=\"m-product-attr-row__name\" scope=\"row\">Hauteur (en cm)<\/th>\n<td class=\"m-product-attr-row__value\">71<\/td>\n<\/tr>\n<tr class=\"m-product-attr-row\">\n<th class=\"m-product-attr-row__name\" scope=\"row\">Garantie de la structure<\/th>\n<td class=\"m-product-attr-row__value\">2 ans<\/td>\n<\/tr>\n<tr class=\"m-product-attr-row\">\n<th class=\"m-product-attr-row__name\" scope=\"row\">Garantie de l&rsquo;\u00e9quipement<\/th>\n<td class=\"m-product-attr-row__value\">2 ans<\/td>\n<\/tr>\n<tr class=\"m-product-attr-row\">\n<th class=\"m-product-attr-row__name\" scope=\"row\">Produit emball\u00e9 : hauteur (en cm)<\/th>\n<td class=\"m-product-attr-row__value\">65<\/td>\n<\/tr>\n<tr class=\"m-product-attr-row\">\n<th class=\"m-product-attr-row__name\" scope=\"row\">Produit emball\u00e9 : largeur (en cm)<\/th>\n<td class=\"m-product-attr-row__value\">52<\/td>\n<\/tr>\n<tr class=\"m-product-attr-row\">\n<th class=\"m-product-attr-row__name\" scope=\"row\">Produit emball\u00e9 : profondeur (en cm)<\/th>\n<td class=\"m-product-attr-row__value\">80<\/td>\n<\/tr>\n<tr class=\"m-product-attr-row\">\n<th class=\"m-product-attr-row__name\" scope=\"row\">Produit emball\u00e9 : poids (en kg)<\/th>\n<td class=\"m-product-attr-row__value\">50.6<\/td>\n<\/tr>\n<tr class=\"m-product-attr-row\">\n<th class=\"m-product-attr-row__name\" scope=\"row\">Indication du geste de tri (triman)<\/th>\n<td class=\"m-product-attr-row__value\">Non<\/td>\n<\/tr>\n<\/tbody>\n<\/table>\n","protected":false},"excerpt":{"rendered":"<div class=\"m-product-block m-product-block__one m-product-block__one--even \">\n<div class=\"m-product-block__text\">\n<p>Avec ses 170 diffuseurs \u00e0 bulles, le Pure spa Blue Navy procure bien-\u00eatre et d\u00e9tente comparables aux spas traditionnels.Gr\u00e2ce \u00e0 la fonction chauffage du panneau de contr\u00f4le de votre appareil, les bulles propuls\u00e9es dans l&rsquo;eau sont d\u00e9j\u00e0 chauff\u00e9e ce qui vous offrira un massage doux et agr\u00e9able de mani\u00e8re uniforme. Gr\u00e2ce aux bulles chauff\u00e9es vous n\u2019aurez pas la sensation de froid dans le dos.<\/p>\n<\/div>\n<\/div>\n<div class=\"m-product-block m-product-block__two m-product-block__two--even\">\n<div class=\"m-product-block__picture-container\"><\/div>\n<\/div>\n","protected":false},"featured_media":6685,"comment_status":"open","ping_status":"closed","template":"","meta":[],"product_brand":[],"product_cat":[85],"product_tag":[],"class_list":{"0":"post-6680","1":"product","2":"type-product","3":"status-publish","4":"has-post-thumbnail","6":"product_cat-nos-spa","8":"first","9":"instock","10":"sale","11":"shipping-taxable","12":"purchasable","13":"product-type-simple"},"_links":{"self":[{"href":"https:\/\/irrifrance-distribution.com\/index.php\/wp-json\/wp\/v2\/product\/6680","targetHints":{"allow":["GET"]}}],"collection":[{"href":"https:\/\/irrifrance-distribution.com\/index.php\/wp-json\/wp\/v2\/product"}],"about":[{"href":"https:\/\/irrifrance-distribution.com\/index.php\/wp-json\/wp\/v2\/types\/product"}],"replies":[{"embeddable":true,"href":"https:\/\/irrifrance-distribution.com\/index.php\/wp-json\/wp\/v2\/comments?post=6680"}],"wp:featuredmedia":[{"embeddable":true,"href":"https:\/\/irrifrance-distribution.com\/index.php\/wp-json\/wp\/v2\/media\/6685"}],"wp:attachment":[{"href":"https:\/\/irrifrance-distribution.com\/index.php\/wp-json\/wp\/v2\/media?parent=6680"}],"wp:term":[{"taxonomy":"product_brand","embeddable":true,"href":"https:\/\/irrifrance-distribution.com\/index.php\/wp-json\/wp\/v2\/product_brand?post=6680"},{"taxonomy":"product_cat","embeddable":true,"href":"https:\/\/irrifrance-distribution.com\/index.php\/wp-json\/wp\/v2\/product_cat?post=6680"},{"taxonomy":"product_tag","embeddable":true,"href":"https:\/\/irrifrance-distribution.com\/index.php\/wp-json\/wp\/v2\/product_tag?post=6680"}],"curies":[{"name":"wp","href":"https:\/\/api.w.org\/{rel}","templated":true}]}}